{"id":26,"date":"2019-01-13T17:44:50","date_gmt":"2019-01-13T17:44:50","guid":{"rendered":"https:\/\/legalecatania.it\/index.php\/mesmerize\/"},"modified":"2022-03-09T09:54:36","modified_gmt":"2022-03-09T09:54:36","slug":"mesmerize","status":"publish","type":"page","link":"https:\/\/legalecatania.it\/","title":{"rendered":"Front Page"},"content":{"rendered":"<div  id=\"servizi\" style=\"background-color: #ffffff;\" data-label=\"Servizi\" data-id=\"features-12-card-bordered\" data-export-id=\"features-12-card-bordered\" data-category=\"features\" class=\"features-12-card-bordered content-section content-section-spacing \"><div  class=\"gridContainer\"> <div  class=\"row text-center\"><div  class=\"section-title-col\" data-type=\"column\"> <h2  class=\"\">Servizi<\/h2> <p  class=\"lead\">Lo studio legale vanta un\u2019esperienza nel campo del diritto penale da oltre trent\u2019anni.\n<br >Attraverso una seria attivit\u00e0 di consulenza e assistenza giudiziaria fornisce un eccellente assistenza i<span  style=\"font-size: 19.2px;\">n tutte le fasi del procedimento penale ed extragiudiziario<\/span><\/p><\/div> <\/div> <div  class=\"row spaced-cols\" data-type=\"row\"> <div  class=\"col-sm-6\"> <div  class=\"card row-card bordered y-move\"> <div  class=\"row\"> <div  class=\"col-sm-fit icon-column\"> <a data-cp-link=\"1\" href=\"#\" target=\"_self\" rel=\"noopener\"><i  class=\"fa icon color2 fa-balance-scale bordered round\"><\/i><\/a> <\/div> <div  class=\"col-sm\" data-type=\"column\"> <h5  class=\"color2\">ATTIVITA\u2019 GIUDIZIALE\n<\/h5> <p  class=\"\">Lo Studio Legale Consolo fornisce assistenza giudiziale in materia di diritto penale in tutto il territorio italiano.&nbsp;<br >La competenza dei professionisti dello Studio attiene prevalentemente al settore \n<br >dei reati contro la Pubblica Amministrazione, del diritto penale dell\u2019impresa, dei delitti in materia tributaria, dei reati in materia edilizia e urbanistica, dei reati contro la persona e contro la famiglia, dei delitti in materia di responsabilit\u00e0 professionale medica e di sicurezza sul lavoro, dei reati ambientali, dei reati contro il patrimonio, dei delitti informatici, dei reati in materia di propriet\u00e0 intellettuale e diritti connessi.\n<br >Lo Studio offre altres\u00ec assistenza in materia di Mandato di Arresto Europeo, ai sensi della L. n. 69\/2005<\/p><\/div> <\/div><\/div> <\/div> <div  class=\"col-sm-6\"> <div  class=\"card row-card bordered y-move\"> <div  class=\"row\"> <div  class=\"col-sm-fit icon-column\"> <a data-cp-link=\"1\" href=\"#\" target=\"_self\" rel=\"noopener\"><i  class=\"fa icon color2 fa-handshake-o bordered round\"><\/i><\/a> <\/div> <div  class=\"col-sm\" data-type=\"column\"> <h5  class=\"color2\">ATTIVITA\u2019 DI CONSULENZA<\/h5> <p  class=\"\">Lo Studio presta consulenza in materia di diritto penale a soggetti privati, societ\u00e0 ed enti pubblici al fine di fornire una seria gestione del rischio penale connesso all\u2019attivit\u00e0 imprenditoriale, nei diversi settori del diritto penale dell\u2019economia.<br >Lo Studio offre inoltre continua assistenza e consulenza anche in materia di responsabilit\u00e0 amministrativa degli enti ex D.Lgs. n. 231\/01 nella redazione dei c.d. \u201cModelli Organizzativi\u201d, per la disciplina antinfortunistica e della tutela dell\u2019ambiente naturale, nonch\u00e9 consulenza in materia penale-tributaria.<\/p><\/div> <\/div><\/div> <\/div>  <\/div> <\/div><\/div><div  data-label=\"Professionisti\" data-id=\"team--1\" data-export-id=\"team-5\" data-category=\"team\" class=\"team-5 content-section content-section-spacing\" id=\"professionisti\" style=\"background-color: rgb(245, 250, 253); background-image: none;\"><div  class=\"gridContainer\"> <div  class=\"row text-center\"><div  class=\"section-title-col\" data-type=\"column\"> <h2  class=\"\">Professionisti<\/h2> <p  class=\"lead\">Lo Studio Legale Consolo offre seria e competente collaborazione di avvocati e professionisti in materia penalistica.<\/p><\/div> <\/div> <div  class=\"row spaced-cols content-center-sm\" data-type=\"row\"> <div  class=\"col-xs-12 col-sm-6 col-md-3 col-padding\"> <div  class=\"row \"> <div  data-type=\"column\" class=\"col-xs-12 col-sm-12\"> <img  class=\"round face\" src=\"https:\/\/legalecatania.it\/wp-content\/uploads\/2019\/07\/cropped-DSC_0583_2.1.jpg\" alt=\"\" title=\"cropped-DSC_0583_2.1.jpg\"> <h4  class=\"font-500\">Avvocato<br > Orazio Consolo<\/h4>  <p  class=\"\">Nato nel 1960, laureato in Giurisprudenza presso l\u2019Universit\u00e0 degli Studi di Catania nel 1984, Cassazionista, abilitato alla&nbsp; professione forense dal 1986&nbsp; &nbsp; &nbsp;&nbsp;<\/p> <div  class=\"social-icons-group\" data-type=\"group\"> <a href=\"#\" target=\"_self\" data-reiki-hidden=\"true\" rel=\"noopener\"><i  class=\"gray fa icon fa-facebook-square\"><\/i><\/a> <a href=\"#\" target=\"_self\" data-reiki-hidden=\"true\" rel=\"noopener\"><i  class=\"gray fa icon fa-twitter-square\"><\/i><\/a> <a href=\"#\" target=\"_self\" data-reiki-hidden=\"true\" rel=\"noopener\"><i  class=\"gray fa icon fa-linkedin-square\"><\/i><\/a> <a href=\"#\" target=\"_self\" data-reiki-hidden=\"true\" rel=\"noopener\"><i  class=\"gray fa icon fa-envelope-o\"><\/i><\/a><\/div> <\/div><\/div> <\/div> <div  class=\"col-xs-12 col-sm-6 col-md-3 col-padding\"> <div  class=\"row \"> <div  data-type=\"column\" class=\"col-xs-12 col-sm-12\"> <img  class=\"round face\" src=\"https:\/\/legalecatania.it\/wp-content\/uploads\/2019\/07\/cropped-DSC_0572_2.1.jpg\" alt=\"\" title=\"cropped-DSC_0572_2.1.jpg\"> <h4  class=\"font-500\">Avvocato\n<br >Carmelo Minnella<\/h4>  <p  class=\"\">Nato nel 1974, laureato presso in Giurisprudenza presso l\u2019Universit\u00e0 degli Studi di Catania, Cassazionista, docente sostituto di Diritto Penale I presso la Link Campus University, Polo didattico di Catania, pubblicista di molte riviste scientifiche<\/p> <div  class=\"social-icons-group\" data-type=\"group\"> <a href=\"#\" target=\"_self\" data-reiki-hidden=\"true\" rel=\"noopener\"><i  class=\"gray fa icon fa-facebook-square\"><\/i><\/a> <a href=\"#\" target=\"_self\" data-reiki-hidden=\"true\" rel=\"noopener\"><i  class=\"gray fa icon fa-twitter-square\"><\/i><\/a> <a href=\"#\" target=\"_self\" data-reiki-hidden=\"true\" rel=\"noopener\"><i  class=\"gray fa icon fa-linkedin-square\"><\/i><\/a> <a href=\"https:\/\/legalecatania.it\" target=\"_self\" data-reiki-hidden=\"true\" rel=\"noopener\"><i  class=\"gray fa icon fa-envelope-o\"><\/i><\/a><\/div> <\/div><\/div> <\/div> <div  class=\"col-xs-12 col-sm-6 col-md-3 col-padding\"> <div  class=\"row \"> <div  data-type=\"column\" class=\"col-xs-12 col-sm-12\"> <img  class=\"round face\" src=\"https:\/\/legalecatania.it\/wp-content\/uploads\/2019\/07\/cropped-DSC_0569_2.1.jpg\" alt=\"\" title=\"cropped-DSC_0569_2.1.jpg\"> <h4  class=\"font-500\">Avvocato\n<br >Andrea Romeo<\/h4>  <p  class=\"\">Nato nel 1992 e laureato in Giurisprudenza presso l\u2019Universit\u00e0 degli Studi di Catania nel 2017, abilitato alla professione forense<\/p> <div  class=\"social-icons-group\" data-type=\"group\"> <a href=\"#\" target=\"_self\" data-reiki-hidden=\"true\" rel=\"noopener\"><i  class=\"gray fa icon fa-facebook-square\"><\/i><\/a> <a href=\"#\" target=\"_self\" data-reiki-hidden=\"true\" rel=\"noopener\"><i  class=\"gray fa icon fa-twitter-square\"><\/i><\/a> <a href=\"#\" target=\"_self\" data-reiki-hidden=\"true\" rel=\"noopener\"><i  class=\"gray fa icon fa-linkedin-square\"><\/i><\/a> <a href=\"mailto:andrearomeo92@alice.it\" target=\"_blank\" rel=\"noopener\"><i  class=\"gray fa icon fa-envelope-o\"><\/i><\/a><\/div> <p  class=\"\">andrearomeo92@alice.it<\/p><\/div><\/div> <\/div> <div  class=\"col-xs-12 col-sm-6 col-md-3 col-padding\"> <div  class=\"row \"> <div  data-type=\"column\" class=\"col-xs-12 col-sm-12\"> <img  class=\"round face\" src=\"https:\/\/legalecatania.it\/wp-content\/uploads\/2019\/07\/cropped-enrico-1-.1.jpg\" alt=\"\" title=\"cropped-enrico-1-.1.jpg\"> <h4  class=\"font-500\">Avvocato\n<br >Enrico Consolo<\/h4>  <p  class=\"\">Nato nel 1994 e laureato in Giurisprudenza presso l\u2019Universit\u00e0 degli Studi di Milano nel 2018, abilitato alla professione forense<\/p> <div  class=\"social-icons-group\" data-type=\"group\"> <a href=\"#\" target=\"_self\" data-reiki-hidden=\"true\" rel=\"noopener\"><i  class=\"gray fa icon fa-facebook-square\"><\/i><\/a> <a href=\"#\" target=\"_self\" data-reiki-hidden=\"true\" rel=\"noopener\"><i  class=\"gray fa icon fa-twitter-square\"><\/i><\/a> <a href=\"#\" target=\"_self\" data-reiki-hidden=\"true\" rel=\"noopener\"><i  class=\"gray fa icon fa-linkedin-square\"><\/i><\/a> <a href=\"mailto:enrico.consolo.ec@gmail.com\" target=\"_blank\" rel=\"noopener\"><i  class=\"gray fa icon fa-envelope-o\"><\/i><\/a><\/div> <p  class=\"\">enrico.consolo.ec@gmail.com<\/p><\/div><\/div> <\/div>    <\/div> <\/div><\/div><div  data-label=\"News\" data-id=\"latest_news--1\" data-export-id=\"blog-section\" data-category=\"latest_news\" class=\"blog-section blog-section-standard content-section content-section-spacing\" id=\"news\" style=\"background-color: rgb(255, 255, 255); background-image: none;\"><div  class=\"gridContainer\"> <div  class=\"row\"><div  data-type=\"column\" class=\"section-title-col\"> <h2  class=\"\">News<\/h2> <p  class=\"lead\">Le ultime novit\u00e0 in materia di diritto penale\n<\/p><\/div> <\/div> <div  class=\"row\"> <div  data-type=\"row\" data-dynamic-columns=\"handled\" data-content-shortcode=\"mesmerize_latest_news columns=&quot;4&quot; \">        <div class=\"row center-sm content-left-sm\">\n                    <div id=\"post-174\" class=\"col-sm-6 col-md-4 space-bottom space-bottom-xs\">\n                <div class=\"post-content card y-move bordered\">\n                    <div class=\"post-thumbnail\">\n   <a href=\"https:\/\/legalecatania.it\/index.php\/2019\/07\/03\/violenza-domestica-le-tutele-alla-luce-degli-ultimi-interventi-legislativi\/\" class=\"post-list-item-thumb \">\n      \n            <svg class=\"mesmerize-post-list-item-thumb-placeholder\" width=\"890\" height=\"580\" viewBox=\"0 0 890 580\"\n         preserveAspectRatio=\"none\">\n         <rect width=\"890\" height=\"580\" style=\"fill:#FF9800;\"><\/rect>\n      <\/svg>\n               <\/a>\n<\/div>\n                    <div class=\"col-padding col-padding-xs\">\n                        <h3 class=\"post-title space-bottom-small\">\n                            <a href=\"https:\/\/legalecatania.it\/index.php\/2019\/07\/03\/violenza-domestica-le-tutele-alla-luce-degli-ultimi-interventi-legislativi\/\" rel=\"bookmark\">\n                                &#8220;LE CONTESTAZIONI SUPPLETIVE: TRA RIAPERTURA AI RITI ALTERNATIVI E SBARRAMENTI IN ABBREVIATO&#8221;                            <\/a>\n                        <\/h3>\n                                                <a class=\"read-more link\" href=\"https:\/\/legalecatania.it\/index.php\/2019\/07\/03\/violenza-domestica-le-tutele-alla-luce-degli-ultimi-interventi-legislativi\/\">\n                            Read more                        <\/a>\n                    <\/div>\n                <\/div>\n            <\/div>\n                    <div id=\"post-92\" class=\"col-sm-6 col-md-4 space-bottom space-bottom-xs\">\n                <div class=\"post-content card y-move bordered\">\n                    <div class=\"post-thumbnail\">\n   <a href=\"https:\/\/legalecatania.it\/index.php\/2019\/06\/25\/spazzacorrotti-leggittimita-costituzionale\/\" class=\"post-list-item-thumb \">\n      <img width=\"1024\" height=\"692\" src=\"https:\/\/legalecatania.it\/wp-content\/uploads\/2019\/01\/cassazione3-406018-1024x692.jpg\" class=\"attachment-post-thumbnail size-post-thumbnail wp-post-image\" alt=\"\" loading=\"lazy\" srcset=\"https:\/\/legalecatania.it\/wp-content\/uploads\/2019\/01\/cassazione3-406018-1024x692.jpg 1024w, https:\/\/legalecatania.it\/wp-content\/uploads\/2019\/01\/cassazione3-406018-300x203.jpg 300w, https:\/\/legalecatania.it\/wp-content\/uploads\/2019\/01\/cassazione3-406018-768x519.jpg 768w, https:\/\/legalecatania.it\/wp-content\/uploads\/2019\/01\/cassazione3-406018-1598x1080.jpg 1598w\" sizes=\"(max-width: 1024px) 100vw, 1024px\" \/>   <\/a>\n<\/div>\n                    <div class=\"col-padding col-padding-xs\">\n                        <h3 class=\"post-title space-bottom-small\">\n                            <a href=\"https:\/\/legalecatania.it\/index.php\/2019\/06\/25\/spazzacorrotti-leggittimita-costituzionale\/\" rel=\"bookmark\">\n                                \ufeffSpazzacorrotti: anche la Cassazione solleva la questione di legittimit\u00e0 costituzionale                            <\/a>\n                        <\/h3>\n                        <p>Come si evince dall\u2019allegata decisione n. 15\/2019 della Corte di Cassazione, all\u2019udienza del 18 giugno i giudici della Prima sezione penale inviano gli atti alla Consulta, chiedendo di verificare la[&hellip;]<\/p>\n                        <a class=\"read-more link\" href=\"https:\/\/legalecatania.it\/index.php\/2019\/06\/25\/spazzacorrotti-leggittimita-costituzionale\/\">\n                            Read more                        <\/a>\n                    <\/div>\n                <\/div>\n            <\/div>\n            <\/div>\n    <\/div><\/div> <div  class=\"row\"><div  class=\"text-center\"> <a class=\"button color1\" data-attr-shortcode=\"href:mesmerize_blog_link\" href=\"https:\/\/legalecatania.it\/index.php\/blog\/\" target=\"_self\" rel=\"noopener\">VEDI TUTTI GLI ARTICOLI<\/a><\/div> <\/div><\/div><\/div><div  id=\"appuntamento-1\" data-label=\"Appuntamento\" data-id=\"contact-1\" data-export-id=\"contact-1\" data-category=\"contact\" class=\"contact-1 content-section content-section-spacing white-text\" data-parallax-depth=\"20\" style=\"background-image: url(&quot;https:\/\/legalecatania.it\/wp-content\/uploads\/2019\/01\/banner2.jpg&quot;); background-size: cover; background-position: center top;\"><div  class=\"gridContainer\"> <div  class=\"row text-center\"><div  class=\"section-title-col\" data-type=\"column\"> <h2  class=\"\">Per appuntamento<\/h2> <p  class=\"lead\">Lo studio \u00e8 aperto&nbsp;<span  style=\"font-size: 19.2px;\">dalle 17.00 alle 20.00<\/span>:\n<br >\u2013 il luned\u00ec, marted\u00ec e gioved\u00ec&nbsp; in Via San Martino n. 23, Acireale (CT), tel. 095 7463248<br >\u2013 il mercoled\u00ec e venerd\u00ec in Via Vitt. Emanueale n. 26, Aci Catena (CT), tel&nbsp;095 804672<br >Per fissare un appuntamento telefonare o compilare il seguente modulo<\/p><\/div> <\/div> <div  class=\"row text-center\"> <div  class=\"col-xs-12 col-sm-8 col-sm-offset-2 contact-form-wrapper inline-info\"> <div  class=\"card large-padding\"> <div  class=\"\" data-content-shortcode=\"mesmerize_contact_form shortcode=&quot;contact-form-7 id=&amp;amp;quot;80&amp;amp;quot; title=&amp;amp;quot;Modulo di contatto 1&amp;amp;quot;&quot;\" data-editable=\"true\"><div role=\"form\" class=\"wpcf7\" id=\"wpcf7-f80-o1\" lang=\"it-IT\" dir=\"ltr\">\n<div class=\"screen-reader-response\"><p role=\"status\" aria-live=\"polite\" aria-atomic=\"true\"><\/p> <ul><\/ul><\/div>\n<form action=\"\/index.php\/wp-json\/wp\/v2\/pages\/26#wpcf7-f80-o1\" method=\"post\" class=\"wpcf7-form init\" novalidate=\"novalidate\" data-status=\"init\">\n<div style=\"display: none;\">\n<input type=\"hidden\" name=\"_wpcf7\" value=\"80\" \/>\n<input type=\"hidden\" name=\"_wpcf7_version\" value=\"5.5.6\" \/>\n<input type=\"hidden\" name=\"_wpcf7_locale\" value=\"it_IT\" \/>\n<input type=\"hidden\" name=\"_wpcf7_unit_tag\" value=\"wpcf7-f80-o1\" \/>\n<input type=\"hidden\" name=\"_wpcf7_container_post\" value=\"0\" \/>\n<input type=\"hidden\" name=\"_wpcf7_posted_data_hash\" value=\"\" \/>\n<input type=\"hidden\" name=\"_wpcf7_recaptcha_response\" value=\"\" \/>\n<\/div>\n<p><label> Il tuo nome (richiesto)<br \/>\n    <span class=\"wpcf7-form-control-wrap your-name\"><input type=\"text\" name=\"your-name\" value=\"\" size=\"40\" class=\"wpcf7-form-control wpcf7-text wpcf7-validates-as-required\" aria-required=\"true\" aria-invalid=\"false\" \/><\/span> <\/label><\/p>\n<p><label> La tua email (richiesto)<br \/>\n    <span class=\"wpcf7-form-control-wrap your-email\"><input type=\"email\" name=\"your-email\" value=\"\" size=\"40\" class=\"wpcf7-form-control wpcf7-text wpcf7-email wpcf7-validates-as-required wpcf7-validates-as-email\" aria-required=\"true\" aria-invalid=\"false\" \/><\/span> <\/label><\/p>\n<p><label> Il tuo recapito telefonico<br \/>\n<span class=\"wpcf7-form-control-wrap tel-183\"><input type=\"tel\" name=\"tel-183\" value=\"\" size=\"40\" class=\"wpcf7-form-control wpcf7-text wpcf7-tel wpcf7-validates-as-tel\" aria-invalid=\"false\" \/><\/span> <\/label><\/p>\n<p><label> Oggetto<br \/>\n    <span class=\"wpcf7-form-control-wrap your-subject\"><input type=\"text\" name=\"your-subject\" value=\"\" size=\"40\" class=\"wpcf7-form-control wpcf7-text\" aria-invalid=\"false\" \/><\/span> <\/label><\/p>\n<p><label> Il tuo messaggio<br \/>\n    <span class=\"wpcf7-form-control-wrap your-message\"><textarea name=\"your-message\" cols=\"40\" rows=\"10\" class=\"wpcf7-form-control wpcf7-textarea\" aria-invalid=\"false\"><\/textarea><\/span> <\/label><\/p>\n<p><input type=\"submit\" value=\"Invia\" class=\"wpcf7-form-control has-spinner wpcf7-submit\" \/><\/p>\n<div class=\"wpcf7-response-output\" aria-hidden=\"true\"><\/div><\/form><\/div><\/div><\/div> <\/div><\/div> <\/div><\/div><div  data-label=\"Contatti\" data-id=\"overlappable--1\" data-export-id=\"overlappable-4\" data-category=\"overlappable\" class=\"overlappable-4 content-section content-section-spacing\" data-overlap=\"true\" id=\"contatti-1\" style=\"background-color: rgb(255, 255, 255);\"><div  class=\"gridContainer\"> <div  data-type=\"row\" class=\"row spaced-cols text-center\"><div  class=\"col-xs-12 col-sm-4 col-padding col-md-3 \"> <i  class=\"fa icon shadow-large-black aligncenter color1 fa-map-marker reverse round small\"><\/i> <div  data-type=\"column\" class=\"\"> <h5  class=\"\">STUDIO ACIREALE<\/h5> <p  class=\"\">Via San Martino 23 95024 Acireale (CT)\n<br >TEL. 095 7463248\n<br >FAX. 095 7463248\n<\/p><a class=\"link\" href=\"https:\/\/www.google.com\/maps\/place\/Via+S.+Martino,+23,+95024+Acireale+CT\/@37.6090198,15.1604835,17z\/data=!3m1!4b1!4m5!3m4!1s0x1313f90ddcfa0e5b:0x3dca95fb99be53f3!8m2!3d37.6090198!4d15.1626722\" target=\"_blank\" data-cp-link=\"1\" rel=\"noopener\">vedi nella mappa<\/a><\/div> <\/div> <div  class=\"col-xs-12 col-sm-4 col-padding col-md-3 \"> <i  class=\"fa icon shadow-large-black aligncenter color1 fa-map-marker reverse round small\"><\/i> <div  data-type=\"column\" class=\"\"><h5  class=\"\">STUDIO \n<br >ACI CATENA<\/h5> <p  class=\"\">Via Vitt. Emanuele 26&nbsp;<br >95022 Aci Catena (CT)\n<br >TEL. 095 804672\n<br >FAX. 095 804672<\/p><a class=\"link\" href=\"https:\/\/www.google.com\/maps\/place\/Via+Vittorio+Emanuele,+26,+95022+Aci+Catena+CT\/@37.6030508,15.1402678,17z\/data=!3m1!4b1!4m5!3m4!1s0x1313f946c0b50e63:0xb022732d78263d77!8m2!3d37.6030508!4d15.1424565\" target=\"_blank\" data-cp-link=\"1\" rel=\"noopener\">vedi nella mappa<\/a><\/div> <\/div> <div  class=\"col-xs-12 col-sm-4 col-padding col-md-3 \"> <i  class=\"fa icon shadow-large-black aligncenter color1 fa-envelope reverse round small\"><\/i> <div  data-type=\"column\" class=\"\"><h6  class=\"\">EMAIL&nbsp;&amp; P.E.C.<\/h6> <a class=\"link\" href=\"mailto:info@legalecatania.it\" target=\"_blank\" data-cp-link=\"1\" rel=\"noopener\">info@legalecatania.it<\/a><p  class=\"\">\n<br ><br >Avv. Orazio Consolo\n<\/p><a class=\"link\" href=\"mailto:orazio.consolo@pec.ordineavvocaticatania.it\" target=\"_blank\" data-cp-link=\"1\" rel=\"noopener\">P.e.c.<\/a><p  class=\"lead\"><\/p><a class=\"link\" href=\"mailto:consoloorazio@hotmail.it\" target=\"_self\" data-cp-link=\"1\" rel=\"noopener\">Mail<\/a><p  class=\"\">\n<br ><br >Avv. Carmelo Minnella<\/p><a class=\"link\" href=\"mailto:carmelo.minnella@pec.ordineavvocaticatania.it\" target=\"_blank\" data-cp-link=\"1\" rel=\"noopener\">P.e.c.<\/a><p  class=\"\"><\/p><a class=\"link\" href=\"mailto:carmelominnella@virgilio.it\" target=\"_blank\" data-cp-link=\"1\" rel=\"noopener\">Mail<\/a><\/div> <\/div><div  class=\"col-xs-12 col-sm-4 col-padding col-md-3 \"> <a data-cp-link=\"1\" href=\"#\" target=\"_self\" rel=\"noopener\"><i  class=\"fa icon shadow-large-black aligncenter color1 fa-vcard-o reverse round small\"><\/i><\/a> <div  data-type=\"column\" class=\"\">  <h6  class=\"\">P.TA IVA<\/h6><p  class=\"\">Avv. Orazio Consolo\n<br ><br >02378470872\n<br ><br >Avv. Carmelo Minnella\n<br ><br >04555540873<\/p><\/div> <\/div><\/div> <\/div><\/div>","protected":false},"excerpt":{"rendered":"<p>Servizi Lo studio legale vanta un\u2019esperienza nel campo del diritto penale da oltre trent\u2019anni. Attraverso una seria attivit\u00e0 di consulenza e assistenza giudiziaria fornisce un eccellente assistenza in tutte le fasi del procedimento penale ed extragiudiziario ATTIVITA\u2019 GIUDIZIALE Lo Studio Legale Consolo fornisce assistenza giudiziale in materia di diritto penale in tutto il territorio italiano.&nbsp;La&hellip; <br \/> <a class=\"read-more\" href=\"https:\/\/legalecatania.it\/index.php\/2019\/06\/25\/spazzacorrotti-leggittimita-costituzionale\/\">Leggi tutto<\/a><\/p>\n","protected":false},"author":1,"featured_media":0,"parent":0,"menu_order":0,"comment_status":"closed","ping_status":"closed","template":"page-templates\/homepage.php","meta":[],"_links":{"self":[{"href":"https:\/\/legalecatania.it\/index.php\/wp-json\/wp\/v2\/pages\/26"}],"collection":[{"href":"https:\/\/legalecatania.it\/index.php\/wp-json\/wp\/v2\/pages"}],"about":[{"href":"https:\/\/legalecatania.it\/index.php\/wp-json\/wp\/v2\/types\/page"}],"author":[{"embeddable":true,"href":"https:\/\/legalecatania.it\/index.php\/wp-json\/wp\/v2\/users\/1"}],"replies":[{"embeddable":true,"href":"https:\/\/legalecatania.it\/index.php\/wp-json\/wp\/v2\/comments?post=26"}],"version-history":[{"count":41,"href":"https:\/\/legalecatania.it\/index.php\/wp-json\/wp\/v2\/pages\/26\/revisions"}],"predecessor-version":[{"id":792,"href":"https:\/\/legalecatania.it\/index.php\/wp-json\/wp\/v2\/pages\/26\/revisions\/792"}],"wp:attachment":[{"href":"https:\/\/legalecatania.it\/index.php\/wp-json\/wp\/v2\/media?parent=26"}],"curies":[{"name":"wp","href":"https:\/\/api.w.org\/{rel}","templated":true}]}}